{"id":336,"date":"2020-07-24T08:08:20","date_gmt":"2020-07-24T08:08:20","guid":{"rendered":"http:\/\/www.bienvenidoacasa.org.mx\/?page_id=336"},"modified":"2020-08-04T21:52:04","modified_gmt":"2020-08-04T21:52:04","slug":"servicio-medico-2","status":"publish","type":"page","link":"https:\/\/www.bienvenidoacasa.org.mx\/?page_id=336","title":{"rendered":"Servicio M\u00e9dico"},"content":{"rendered":"\n<p>El concepto \u00ab<strong>necesidades<\/strong> de salud\u00bb se define como el grado de salud-enfermedad que los usuarios potenciales de los <strong>servicios<\/strong> de salud experimentan, y est\u00e1 dado por la estrecha relaci\u00f3n entre las <strong>necesidades<\/strong> b\u00e1sicas del individuo (salud f\u00edsica, autonom\u00eda) y las <strong>necesidades<\/strong> intermedias (buena nutrici\u00f3n, vivienda, etc) <\/p>\n","protected":false},"excerpt":{"rendered":"<p>El concepto \u00abnecesidades de salud\u00bb se define como el grado de salud-enfermedad que los usuarios potenciales de los servicios de salud experimentan, y est\u00e1 dado por la estrecha relaci\u00f3n entre las necesidades b\u00e1sicas del individuo (salud f\u00edsica, autonom\u00eda) y las necesidades intermedias (buena nutrici\u00f3n, vivienda, etc)<\/p>\n","protected":false},"author":1,"featured_media":394,"parent":0,"menu_order":0,"comment_status":"closed","ping_status":"closed","template":"","meta":{"footnotes":""},"class_list":["post-336","page","type-page","status-publish","has-post-thumbnail","hentry"],"_links":{"self":[{"href":"https:\/\/www.bienvenidoacasa.org.mx\/index.php?rest_route=\/wp\/v2\/pages\/336","targetHints":{"allow":["GET"]}}],"collection":[{"href":"https:\/\/www.bienvenidoacasa.org.mx\/index.php?rest_route=\/wp\/v2\/pages"}],"about":[{"href":"https:\/\/www.bienvenidoacasa.org.mx\/index.php?rest_route=\/wp\/v2\/types\/page"}],"author":[{"embeddable":true,"href":"https:\/\/www.bienvenidoacasa.org.mx\/index.php?rest_route=\/wp\/v2\/users\/1"}],"replies":[{"embeddable":true,"href":"https:\/\/www.bienvenidoacasa.org.mx\/index.php?rest_route=%2Fwp%2Fv2%2Fcomments&post=336"}],"version-history":[{"count":2,"href":"https:\/\/www.bienvenidoacasa.org.mx\/index.php?rest_route=\/wp\/v2\/pages\/336\/revisions"}],"predecessor-version":[{"id":339,"href":"https:\/\/www.bienvenidoacasa.org.mx\/index.php?rest_route=\/wp\/v2\/pages\/336\/revisions\/339"}],"wp:featuredmedia":[{"embeddable":true,"href":"https:\/\/www.bienvenidoacasa.org.mx\/index.php?rest_route=\/wp\/v2\/media\/394"}],"wp:attachment":[{"href":"https:\/\/www.bienvenidoacasa.org.mx\/index.php?rest_route=%2Fwp%2Fv2%2Fmedia&parent=336"}],"curies":[{"name":"wp","href":"https:\/\/api.w.org\/{rel}","templated":true}]}}