{"id":341,"date":"2020-07-24T08:14:31","date_gmt":"2020-07-24T08:14:31","guid":{"rendered":"http:\/\/www.bienvenidoacasa.org.mx\/?page_id=341"},"modified":"2020-10-12T23:07:05","modified_gmt":"2020-10-12T23:07:05","slug":"brigadas-medicas","status":"publish","type":"page","link":"https:\/\/www.bienvenidoacasa.org.mx\/?page_id=341","title":{"rendered":"Brigadas M\u00e9dicas"},"content":{"rendered":"\n<figure class=\"wp-block-image size-large\"><img fetchpriority=\"high\" decoding=\"async\" width=\"1024\" height=\"390\" src=\"https:\/\/www.bienvenidoacasa.org.mx\/wp-content\/uploads\/2020\/08\/Blanco-Foto-Belleza-Cuidado-de-la-Piel-Portada-de-Facebook1-1-1024x390.png\" alt=\"\" class=\"wp-image-381\" srcset=\"https:\/\/www.bienvenidoacasa.org.mx\/wp-content\/uploads\/2020\/08\/Blanco-Foto-Belleza-Cuidado-de-la-Piel-Portada-de-Facebook1-1-1024x390.png 1024w, https:\/\/www.bienvenidoacasa.org.mx\/wp-content\/uploads\/2020\/08\/Blanco-Foto-Belleza-Cuidado-de-la-Piel-Portada-de-Facebook1-1-300x114.png 300w, https:\/\/www.bienvenidoacasa.org.mx\/wp-content\/uploads\/2020\/08\/Blanco-Foto-Belleza-Cuidado-de-la-Piel-Portada-de-Facebook1-1-768x292.png 768w, https:\/\/www.bienvenidoacasa.org.mx\/wp-content\/uploads\/2020\/08\/Blanco-Foto-Belleza-Cuidado-de-la-Piel-Portada-de-Facebook1-1-1536x584.png 1536w, https:\/\/www.bienvenidoacasa.org.mx\/wp-content\/uploads\/2020\/08\/Blanco-Foto-Belleza-Cuidado-de-la-Piel-Portada-de-Facebook1-1-2048x779.png 2048w\" sizes=\"(max-width: 1024px) 100vw, 1024px\" \/><\/figure>\n\n\n\n<h3 class=\"wp-block-heading\">1.1 Objetivo de la Brigada.<\/h3>\n\n\n\n<p>Contribuir a la salud bucal y general de la poblaci\u00f3n de los municipios marginados por medio de la prevenci\u00f3n, curaci\u00f3n y rehabilitaci\u00f3n, as\u00ed como detecci\u00f3n oportuna de enfermedades sist\u00e9micas y remisi\u00f3n a centros especializados.<\/p>\n\n\n\n<p><strong>1.2 Servicios que oferta la brigada.<\/strong><\/p>\n\n\n\n<p>Servicios de limpieza, consiste en la eliminaci\u00f3n de placa bacteriana, sarro tanto de forma supragingivales e infragingivales, materia alba de los dientes mediante la t\u00e9cnica de profilaxis y\/o t\u00e9cnica de cepillado en algunos de los casos.<\/p>\n\n\n\n<p>Curaciones generales, restaurativas y extracciones, este punto se realiza mediante la eliminaci\u00f3n de caries, restauraci\u00f3n y rescate de los dientes con fisuras mediante la t\u00e9cnica de obturaci\u00f3n u operatoria, tambi\u00e9n se aplicaron resinas y en el caso de muy avanzada formaci\u00f3n de caries, movilidad dentaria y\/o perdida de dientes, se realizaron las extracciones del diente o de ra\u00edces.<\/p>\n\n\n\n<p>Educaci\u00f3n sobre limpieza, mantenimiento, adecuado proceso masticatorio, este paso consiste en las platicas explicativas de t\u00e9cnica y limpieza de cepillado, directamente los alumnos tomaban a un ni\u00f1o y con el cepillo e hilo dental iban ilustrando la forma correcta de cepillado y del correcto proceso de masticaci\u00f3n por medio de un tipodonto; todo se hizo de manera grupal, a la hora de la espera de consulta se fueron tomando a las familias o grupos de pacientes para realizar las pl\u00e1ticas.<\/p>\n\n\n\n<p>Remisi\u00f3n a centros especializados, esto se realiza a la hora del diagnostico m\u00e9dico, se le explicaba al paciente el tratamiento que se le iba a realizar, y en caso que el trabajo requiriera una atenci\u00f3n m\u00e1s especializada o de tecnolog\u00eda m\u00e1s avanzada, se les remita a las instalaciones de las cl\u00ednicas de odontol\u00f3gicas, en el \u00e1rea de posgrado, donde los doctores podian atenderlos con la mayor disposici\u00f3n.<\/p>\n\n\n\n<p>Determinaci\u00f3n de niveles de glucosa y signos vitales, consistiendo en la toma de glucosa, presi\u00f3n, respiraciones por minuto, para poder asignar el tratamiento adecuado a cada paciente dependiendo del diagnostico; desafortunadamente no todos los pacientes permitieron que se les realizara el proceso para poder recabar estos datos.<\/p>\n\n\n\n<p>Detecci\u00f3n de enfermedades sistemicas por exploraci\u00f3n de primer orden, como parte del protocolo de odontolog\u00eda y de medicina se les preguntaba si ten\u00edan antecedentes de enfermedades de tipos patolgicos y heredofamiliares para ver la manera de asignar los tratamientos, y en el caso de medicina, poder hacer las recomendaciones del cuidado de la salud.<\/p>\n\n\n\n<p>Educaci\u00f3n sobre nutrici\u00f3n (medidas de talla y peso). Consist\u00eda en platicas de informaci\u00f3n sobre el consumo e ingestion adecuada de los alimentos y su importancia, de forma particular, a la hora de levantar historiales o de realizar los diagn\u00f3sticos, se les indicaba el cuidado de la nutrici\u00f3n de acuerdo al caso diagnosticado, y aunque fueron pocas las persona que permitieron se les tomara peso y talla, se pod\u00eda observar la desnutrici\u00f3n en la mayor\u00eda de los casos.<\/p>\n\n\n\n<p>Actividades de medicina preventiva (control de natalidad, cuidados perinatales, cuerpearla, lactancia, y nutrici\u00f3n en general), de igual manera, se realiza mediante pl\u00e1ticas explicativas de la importancia de estos puntos y como llevarlos a cabo.<\/p>\n","protected":false},"excerpt":{"rendered":"<p>1.1 Objetivo de la Brigada. Contribuir a la salud bucal y general de la poblaci\u00f3n de los municipios marginados por medio de la prevenci\u00f3n, curaci\u00f3n y rehabilitaci\u00f3n, as\u00ed como detecci\u00f3n oportuna de enfermedades sist\u00e9micas y remisi\u00f3n a centros especializados. 1.2 Servicios que oferta la brigada. Servicios de limpieza, consiste en la eliminaci\u00f3n de placa bacteriana, [&hellip;]<\/p>\n","protected":false},"author":1,"featured_media":383,"parent":0,"menu_order":0,"comment_status":"closed","ping_status":"closed","template":"","meta":{"footnotes":""},"class_list":["post-341","page","type-page","status-publish","has-post-thumbnail","hentry"],"_links":{"self":[{"href":"https:\/\/www.bienvenidoacasa.org.mx\/index.php?rest_route=\/wp\/v2\/pages\/341","targetHints":{"allow":["GET"]}}],"collection":[{"href":"https:\/\/www.bienvenidoacasa.org.mx\/index.php?rest_route=\/wp\/v2\/pages"}],"about":[{"href":"https:\/\/www.bienvenidoacasa.org.mx\/index.php?rest_route=\/wp\/v2\/types\/page"}],"author":[{"embeddable":true,"href":"https:\/\/www.bienvenidoacasa.org.mx\/index.php?rest_route=\/wp\/v2\/users\/1"}],"replies":[{"embeddable":true,"href":"https:\/\/www.bienvenidoacasa.org.mx\/index.php?rest_route=%2Fwp%2Fv2%2Fcomments&post=341"}],"version-history":[{"count":5,"href":"https:\/\/www.bienvenidoacasa.org.mx\/index.php?rest_route=\/wp\/v2\/pages\/341\/revisions"}],"predecessor-version":[{"id":534,"href":"https:\/\/www.bienvenidoacasa.org.mx\/index.php?rest_route=\/wp\/v2\/pages\/341\/revisions\/534"}],"wp:featuredmedia":[{"embeddable":true,"href":"https:\/\/www.bienvenidoacasa.org.mx\/index.php?rest_route=\/wp\/v2\/media\/383"}],"wp:attachment":[{"href":"https:\/\/www.bienvenidoacasa.org.mx\/index.php?rest_route=%2Fwp%2Fv2%2Fmedia&parent=341"}],"curies":[{"name":"wp","href":"https:\/\/api.w.org\/{rel}","templated":true}]}}