{"id":352,"date":"2020-07-28T06:38:33","date_gmt":"2020-07-28T06:38:33","guid":{"rendered":"http:\/\/www.bienvenidoacasa.org.mx\/?page_id=352"},"modified":"2025-01-06T03:25:08","modified_gmt":"2025-01-06T03:25:08","slug":"orientacion-social","status":"publish","type":"page","link":"https:\/\/www.bienvenidoacasa.org.mx\/?page_id=352","title":{"rendered":"Orientaci\u00f3n Social"},"content":{"rendered":"\t\t<div data-elementor-type=\"wp-page\" data-elementor-id=\"352\" class=\"elementor elementor-352\">\n\t\t\t\t\t\t<section class=\"elementor-section elementor-top-section elementor-element elementor-element-28c8d83d elementor-section-boxed elementor-section-height-default elementor-section-height-default\" data-id=\"28c8d83d\" data-element_type=\"section\" data-e-type=\"section\">\n\t\t\t\t\t\t<div class=\"elementor-container elementor-column-gap-default\">\n\t\t\t\t\t<div class=\"elementor-column elementor-col-100 elementor-top-column elementor-element elementor-element-1587aacd\" data-id=\"1587aacd\" data-element_type=\"column\" data-e-type=\"column\">\n\t\t\t<div class=\"elementor-widget-wrap elementor-element-populated\">\n\t\t\t\t\t\t<div class=\"elementor-element elementor-element-5ea634f3 elementor-widget elementor-widget-text-editor\" data-id=\"5ea634f3\" data-element_type=\"widget\" data-e-type=\"widget\" data-widget_type=\"text-editor.default\">\n\t\t\t\t<div class=\"elementor-widget-container\">\n\t\t\t\t\t\t\t\t\t\n<p>La orientaci\u00f3n es considerada como un elemento b\u00e1sico para que el proceso educativo sea de calidad, puesto que va a permitir:<br><br>&#8211; Ajustar nuestra realidad a una vida de valores.<br>&#8211; Prevenir posibles dificultades de aprendizaje.<br>&#8211; Ofrecer ayuda desde el punto de vista: personal, acad\u00e9mico y vocacional.<br><br>En este sentido, la orientaci\u00f3n social es un pilar fundamental en nuestro sistema educativo y de valores. buscando desarrollar principios pedag\u00f3gicos fundamentales para la etapa la atenci\u00f3n a la diversidad del beneficiado, la atenci\u00f3n individualizada, la prevenci\u00f3n de dificultades de desarrollo social y la puesta en pr\u00e1ctica de mecanismos de refuerzo tan pronto como se detecten estas dificultades.<br><br><em>\u00bb Es un proceso de ayuda continuo y sistem\u00e1tico, dirigido a todas los beneficiarios, en todos sus aspectos, con objeto de potenciar el desarrollo humano a lo largo de toda la vida con objeto de potenciar el desarrollo de la personalidad integral\u00bb.<\/em><br>nuestros objetivos son los siguientes:<br>a) Conseguir resultados exitosos, parte de los peques, en su proceso de ense\u00f1anza- aprendizaje, teniendo en cuenta sus capacidades, sus intereses y sus expectativas.<br>b) Potenciar la orientaci\u00f3n social como medio para el desarrollo personal, con el fin de garantizar una respuesta educativa, as\u00ed como, considerar la evaluaci\u00f3n social como instrumento que contribuya a la mejora de los procesos de ense\u00f1anza, de los resultados del aprendizaje y de la organizaci\u00f3n y funcionamiento colaborativo y de desarrollo social.<br>c) Contribuir al fomento de una cultura para la paz y no violencia, con la finalidad de prevenir y evitar los conflictos a trav\u00e9s del Plan de Convivencia.<br>d) Colaborar en el proceso de reflexi\u00f3n sobre los resultados obtenidos tras la aplicaci\u00f3n de las pruebas de evaluaci\u00f3n general de diagn\u00f3stico.<br>e) Participar, junto con el tutor en el desarrollo de los programas incluidos en el Plan de Orientaci\u00f3n y Acci\u00f3n Tutorial.<br><br>Finalmente, resaltar la importancia de la orientaci\u00f3n social como un proceso que debe estar presente desde la incorporaci\u00f3n de los sujetos al sistema social presente.<\/p>\n\t\t\t\t\t\t\t\t<\/div>\n\t\t\t\t<\/div>\n\t\t\t\t\t<\/div>\n\t\t<\/div>\n\t\t\t\t\t<\/div>\n\t\t<\/section>\n\t\t\t\t<\/div>\n\t\t","protected":false},"excerpt":{"rendered":"<p>La orientaci\u00f3n es considerada como un elemento b\u00e1sico para que el proceso educativo sea de calidad, puesto que va a permitir: &#8211; Ajustar nuestra realidad a una vida de valores.&#8211; Prevenir posibles dificultades de aprendizaje.&#8211; Ofrecer ayuda desde el punto de vista: personal, acad\u00e9mico y vocacional. En este sentido, la orientaci\u00f3n social es un pilar [&hellip;]<\/p>\n","protected":false},"author":1,"featured_media":386,"parent":0,"menu_order":0,"comment_status":"closed","ping_status":"closed","template":"","meta":{"footnotes":""},"class_list":["post-352","page","type-page","status-publish","has-post-thumbnail","hentry"],"_links":{"self":[{"href":"https:\/\/www.bienvenidoacasa.org.mx\/index.php?rest_route=\/wp\/v2\/pages\/352","targetHints":{"allow":["GET"]}}],"collection":[{"href":"https:\/\/www.bienvenidoacasa.org.mx\/index.php?rest_route=\/wp\/v2\/pages"}],"about":[{"href":"https:\/\/www.bienvenidoacasa.org.mx\/index.php?rest_route=\/wp\/v2\/types\/page"}],"author":[{"embeddable":true,"href":"https:\/\/www.bienvenidoacasa.org.mx\/index.php?rest_route=\/wp\/v2\/users\/1"}],"replies":[{"embeddable":true,"href":"https:\/\/www.bienvenidoacasa.org.mx\/index.php?rest_route=%2Fwp%2Fv2%2Fcomments&post=352"}],"version-history":[{"count":8,"href":"https:\/\/www.bienvenidoacasa.org.mx\/index.php?rest_route=\/wp\/v2\/pages\/352\/revisions"}],"predecessor-version":[{"id":1000,"href":"https:\/\/www.bienvenidoacasa.org.mx\/index.php?rest_route=\/wp\/v2\/pages\/352\/revisions\/1000"}],"wp:featuredmedia":[{"embeddable":true,"href":"https:\/\/www.bienvenidoacasa.org.mx\/index.php?rest_route=\/wp\/v2\/media\/386"}],"wp:attachment":[{"href":"https:\/\/www.bienvenidoacasa.org.mx\/index.php?rest_route=%2Fwp%2Fv2%2Fmedia&parent=352"}],"curies":[{"name":"wp","href":"https:\/\/api.w.org\/{rel}","templated":true}]}}