{"id":636,"date":"2023-07-11T04:32:22","date_gmt":"2023-07-11T04:32:22","guid":{"rendered":"https:\/\/www.bienvenidoacasa.org.mx\/?page_id=636"},"modified":"2025-01-06T03:27:50","modified_gmt":"2025-01-06T03:27:50","slug":"baciap-tours","status":"publish","type":"page","link":"https:\/\/www.bienvenidoacasa.org.mx\/?page_id=636","title":{"rendered":"Baciap Tour\u00b4s"},"content":{"rendered":"\t\t<div data-elementor-type=\"wp-page\" data-elementor-id=\"636\" class=\"elementor elementor-636\">\n\t\t\t\t\t\t<section class=\"elementor-section elementor-top-section elementor-element elementor-element-e11cf86 elementor-section-boxed elementor-section-height-default elementor-section-height-default\" data-id=\"e11cf86\" data-element_type=\"section\" data-e-type=\"section\">\n\t\t\t\t\t\t<div class=\"elementor-container elementor-column-gap-default\">\n\t\t\t\t\t<div class=\"elementor-column elementor-col-33 elementor-top-column elementor-element elementor-element-efd12c7\" data-id=\"efd12c7\" data-element_type=\"column\" data-e-type=\"column\">\n\t\t\t<div class=\"elementor-widget-wrap elementor-element-populated\">\n\t\t\t\t\t\t<div class=\"elementor-element elementor-element-af54986 elementor-widget elementor-widget-image\" data-id=\"af54986\" data-element_type=\"widget\" data-e-type=\"widget\" data-widget_type=\"image.default\">\n\t\t\t\t<div class=\"elementor-widget-container\">\n\t\t\t\t\t\t\t\t\t\t\t\t\t\t\t<img fetchpriority=\"high\" decoding=\"async\" width=\"500\" height=\"500\" src=\"https:\/\/www.bienvenidoacasa.org.mx\/wp-content\/uploads\/2023\/10\/WhatsApp-Image-2023-10-16-at-13.10.23.jpeg\" class=\"attachment-large size-large wp-image-673\" alt=\"\" srcset=\"https:\/\/www.bienvenidoacasa.org.mx\/wp-content\/uploads\/2023\/10\/WhatsApp-Image-2023-10-16-at-13.10.23.jpeg 500w, https:\/\/www.bienvenidoacasa.org.mx\/wp-content\/uploads\/2023\/10\/WhatsApp-Image-2023-10-16-at-13.10.23-300x300.jpeg 300w, https:\/\/www.bienvenidoacasa.org.mx\/wp-content\/uploads\/2023\/10\/WhatsApp-Image-2023-10-16-at-13.10.23-150x150.jpeg 150w\" sizes=\"(max-width: 500px) 100vw, 500px\" \/>\t\t\t\t\t\t\t\t\t\t\t\t\t\t\t<\/div>\n\t\t\t\t<\/div>\n\t\t\t\t\t<\/div>\n\t\t<\/div>\n\t\t\t\t<div class=\"elementor-column elementor-col-33 elementor-top-column elementor-element elementor-element-a9d61ba\" data-id=\"a9d61ba\" data-element_type=\"column\" data-e-type=\"column\">\n\t\t\t<div class=\"elementor-widget-wrap elementor-element-populated\">\n\t\t\t\t\t\t<div class=\"elementor-element elementor-element-477fce0 elementor-widget elementor-widget-image\" data-id=\"477fce0\" data-element_type=\"widget\" data-e-type=\"widget\" data-widget_type=\"image.default\">\n\t\t\t\t<div class=\"elementor-widget-container\">\n\t\t\t\t\t\t\t\t\t\t\t\t\t\t\t<img decoding=\"async\" width=\"525\" height=\"420\" src=\"https:\/\/www.bienvenidoacasa.org.mx\/wp-content\/uploads\/2023\/10\/WhatsApp-Image-2023-10-18-at-17.07.141-min-1024x819.jpeg\" class=\"attachment-large size-large wp-image-669\" alt=\"\" srcset=\"https:\/\/www.bienvenidoacasa.org.mx\/wp-content\/uploads\/2023\/10\/WhatsApp-Image-2023-10-18-at-17.07.141-min-1024x819.jpeg 1024w, https:\/\/www.bienvenidoacasa.org.mx\/wp-content\/uploads\/2023\/10\/WhatsApp-Image-2023-10-18-at-17.07.141-min-300x240.jpeg 300w, https:\/\/www.bienvenidoacasa.org.mx\/wp-content\/uploads\/2023\/10\/WhatsApp-Image-2023-10-18-at-17.07.141-min-768x614.jpeg 768w, https:\/\/www.bienvenidoacasa.org.mx\/wp-content\/uploads\/2023\/10\/WhatsApp-Image-2023-10-18-at-17.07.141-min-1536x1229.jpeg 1536w, https:\/\/www.bienvenidoacasa.org.mx\/wp-content\/uploads\/2023\/10\/WhatsApp-Image-2023-10-18-at-17.07.141-min.jpeg 1600w\" sizes=\"(max-width: 525px) 100vw, 525px\" \/>\t\t\t\t\t\t\t\t\t\t\t\t\t\t\t<\/div>\n\t\t\t\t<\/div>\n\t\t\t\t\t<\/div>\n\t\t<\/div>\n\t\t\t\t<div class=\"elementor-column elementor-col-33 elementor-top-column elementor-element elementor-element-ea77118\" data-id=\"ea77118\" data-element_type=\"column\" data-e-type=\"column\">\n\t\t\t<div class=\"elementor-widget-wrap elementor-element-populated\">\n\t\t\t\t\t\t<div class=\"elementor-element elementor-element-78afe46 elementor-widget elementor-widget-image\" data-id=\"78afe46\" data-element_type=\"widget\" data-e-type=\"widget\" data-widget_type=\"image.default\">\n\t\t\t\t<div class=\"elementor-widget-container\">\n\t\t\t\t\t\t\t\t\t\t\t\t\t\t\t<img decoding=\"async\" width=\"525\" height=\"420\" src=\"https:\/\/www.bienvenidoacasa.org.mx\/wp-content\/uploads\/2023\/10\/WhatsApp-Image-2023-10-18-at-17.07.14-min-1024x819.jpeg\" class=\"attachment-large size-large wp-image-670\" alt=\"\" srcset=\"https:\/\/www.bienvenidoacasa.org.mx\/wp-content\/uploads\/2023\/10\/WhatsApp-Image-2023-10-18-at-17.07.14-min-1024x819.jpeg 1024w, https:\/\/www.bienvenidoacasa.org.mx\/wp-content\/uploads\/2023\/10\/WhatsApp-Image-2023-10-18-at-17.07.14-min-300x240.jpeg 300w, https:\/\/www.bienvenidoacasa.org.mx\/wp-content\/uploads\/2023\/10\/WhatsApp-Image-2023-10-18-at-17.07.14-min-768x614.jpeg 768w, https:\/\/www.bienvenidoacasa.org.mx\/wp-content\/uploads\/2023\/10\/WhatsApp-Image-2023-10-18-at-17.07.14-min-1536x1229.jpeg 1536w, https:\/\/www.bienvenidoacasa.org.mx\/wp-content\/uploads\/2023\/10\/WhatsApp-Image-2023-10-18-at-17.07.14-min.jpeg 1600w\" sizes=\"(max-width: 525px) 100vw, 525px\" \/>\t\t\t\t\t\t\t\t\t\t\t\t\t\t\t<\/div>\n\t\t\t\t<\/div>\n\t\t\t\t\t<\/div>\n\t\t<\/div>\n\t\t\t\t\t<\/div>\n\t\t<\/section>\n\t\t\t\t<section class=\"elementor-section elementor-top-section elementor-element elementor-element-c39b68e elementor-section-boxed elementor-section-height-default elementor-section-height-default\" data-id=\"c39b68e\" data-element_type=\"section\" data-e-type=\"section\">\n\t\t\t\t\t\t<div class=\"elementor-container elementor-column-gap-default\">\n\t\t\t\t\t<div class=\"elementor-column elementor-col-33 elementor-top-column elementor-element elementor-element-0498574\" data-id=\"0498574\" data-element_type=\"column\" data-e-type=\"column\">\n\t\t\t<div class=\"elementor-widget-wrap elementor-element-populated\">\n\t\t\t\t\t\t<div class=\"elementor-element elementor-element-d266e49 elementor-widget elementor-widget-image\" data-id=\"d266e49\" data-element_type=\"widget\" data-e-type=\"widget\" data-widget_type=\"image.default\">\n\t\t\t\t<div class=\"elementor-widget-container\">\n\t\t\t\t\t\t\t\t\t\t\t\t\t\t\t<img loading=\"lazy\" decoding=\"async\" width=\"525\" height=\"420\" src=\"https:\/\/www.bienvenidoacasa.org.mx\/wp-content\/uploads\/2023\/10\/WhatsApp-Image-2023-10-18-at-17.07.142-min-1024x819.jpeg\" class=\"attachment-large size-large wp-image-671\" alt=\"\" srcset=\"https:\/\/www.bienvenidoacasa.org.mx\/wp-content\/uploads\/2023\/10\/WhatsApp-Image-2023-10-18-at-17.07.142-min-1024x819.jpeg 1024w, https:\/\/www.bienvenidoacasa.org.mx\/wp-content\/uploads\/2023\/10\/WhatsApp-Image-2023-10-18-at-17.07.142-min-300x240.jpeg 300w, https:\/\/www.bienvenidoacasa.org.mx\/wp-content\/uploads\/2023\/10\/WhatsApp-Image-2023-10-18-at-17.07.142-min-768x614.jpeg 768w, https:\/\/www.bienvenidoacasa.org.mx\/wp-content\/uploads\/2023\/10\/WhatsApp-Image-2023-10-18-at-17.07.142-min-1536x1229.jpeg 1536w, https:\/\/www.bienvenidoacasa.org.mx\/wp-content\/uploads\/2023\/10\/WhatsApp-Image-2023-10-18-at-17.07.142-min.jpeg 1600w\" sizes=\"(max-width: 525px) 100vw, 525px\" \/>\t\t\t\t\t\t\t\t\t\t\t\t\t\t\t<\/div>\n\t\t\t\t<\/div>\n\t\t\t\t\t<\/div>\n\t\t<\/div>\n\t\t\t\t<div class=\"elementor-column elementor-col-33 elementor-top-column elementor-element elementor-element-871d9f2\" data-id=\"871d9f2\" data-element_type=\"column\" data-e-type=\"column\">\n\t\t\t<div class=\"elementor-widget-wrap elementor-element-populated\">\n\t\t\t\t\t\t<div class=\"elementor-element elementor-element-6949daf elementor-widget elementor-widget-image\" data-id=\"6949daf\" data-element_type=\"widget\" data-e-type=\"widget\" data-widget_type=\"image.default\">\n\t\t\t\t<div class=\"elementor-widget-container\">\n\t\t\t\t\t\t\t\t\t\t\t\t\t\t\t<img loading=\"lazy\" decoding=\"async\" width=\"525\" height=\"420\" src=\"https:\/\/www.bienvenidoacasa.org.mx\/wp-content\/uploads\/2023\/10\/WhatsApp-Image-2023-10-18-at-17.05.481-min-1024x819.jpeg\" class=\"attachment-large size-large wp-image-672\" alt=\"\" srcset=\"https:\/\/www.bienvenidoacasa.org.mx\/wp-content\/uploads\/2023\/10\/WhatsApp-Image-2023-10-18-at-17.05.481-min-1024x819.jpeg 1024w, https:\/\/www.bienvenidoacasa.org.mx\/wp-content\/uploads\/2023\/10\/WhatsApp-Image-2023-10-18-at-17.05.481-min-300x240.jpeg 300w, https:\/\/www.bienvenidoacasa.org.mx\/wp-content\/uploads\/2023\/10\/WhatsApp-Image-2023-10-18-at-17.05.481-min-768x614.jpeg 768w, https:\/\/www.bienvenidoacasa.org.mx\/wp-content\/uploads\/2023\/10\/WhatsApp-Image-2023-10-18-at-17.05.481-min-1536x1229.jpeg 1536w, https:\/\/www.bienvenidoacasa.org.mx\/wp-content\/uploads\/2023\/10\/WhatsApp-Image-2023-10-18-at-17.05.481-min.jpeg 1600w\" sizes=\"(max-width: 525px) 100vw, 525px\" \/>\t\t\t\t\t\t\t\t\t\t\t\t\t\t\t<\/div>\n\t\t\t\t<\/div>\n\t\t\t\t\t<\/div>\n\t\t<\/div>\n\t\t\t\t<div class=\"elementor-column elementor-col-33 elementor-top-column elementor-element elementor-element-9d7fbb3\" data-id=\"9d7fbb3\" data-element_type=\"column\" data-e-type=\"column\">\n\t\t\t<div class=\"elementor-widget-wrap elementor-element-populated\">\n\t\t\t\t\t\t<div class=\"elementor-element elementor-element-e2afbc4 elementor-widget elementor-widget-image\" data-id=\"e2afbc4\" data-element_type=\"widget\" data-e-type=\"widget\" data-widget_type=\"image.default\">\n\t\t\t\t<div class=\"elementor-widget-container\">\n\t\t\t\t\t\t\t\t\t\t\t\t\t\t\t<img loading=\"lazy\" decoding=\"async\" width=\"525\" height=\"420\" src=\"https:\/\/www.bienvenidoacasa.org.mx\/wp-content\/uploads\/2023\/10\/WhatsApp-Image-2023-10-18-at-17.05.48-1024x819.jpeg\" class=\"attachment-large size-large wp-image-668\" alt=\"\" srcset=\"https:\/\/www.bienvenidoacasa.org.mx\/wp-content\/uploads\/2023\/10\/WhatsApp-Image-2023-10-18-at-17.05.48-1024x819.jpeg 1024w, https:\/\/www.bienvenidoacasa.org.mx\/wp-content\/uploads\/2023\/10\/WhatsApp-Image-2023-10-18-at-17.05.48-300x240.jpeg 300w, https:\/\/www.bienvenidoacasa.org.mx\/wp-content\/uploads\/2023\/10\/WhatsApp-Image-2023-10-18-at-17.05.48-768x614.jpeg 768w, https:\/\/www.bienvenidoacasa.org.mx\/wp-content\/uploads\/2023\/10\/WhatsApp-Image-2023-10-18-at-17.05.48-1536x1229.jpeg 1536w, https:\/\/www.bienvenidoacasa.org.mx\/wp-content\/uploads\/2023\/10\/WhatsApp-Image-2023-10-18-at-17.05.48.jpeg 1600w\" sizes=\"(max-width: 525px) 100vw, 525px\" \/>\t\t\t\t\t\t\t\t\t\t\t\t\t\t\t<\/div>\n\t\t\t\t<\/div>\n\t\t\t\t\t<\/div>\n\t\t<\/div>\n\t\t\t\t\t<\/div>\n\t\t<\/section>\n\t\t\t\t<section class=\"elementor-section elementor-top-section elementor-element elementor-element-ddde0da elementor-section-boxed elementor-section-height-default elementor-section-height-default\" data-id=\"ddde0da\" data-element_type=\"section\" data-e-type=\"section\">\n\t\t\t\t\t\t<div class=\"elementor-container elementor-column-gap-default\">\n\t\t\t\t\t<div class=\"elementor-column elementor-col-100 elementor-top-column elementor-element elementor-element-f4d9abd\" data-id=\"f4d9abd\" data-element_type=\"column\" data-e-type=\"column\">\n\t\t\t<div class=\"elementor-widget-wrap elementor-element-populated\">\n\t\t\t\t\t\t<div class=\"elementor-element elementor-element-2dfc523 elementor-widget elementor-widget-text-editor\" data-id=\"2dfc523\" data-element_type=\"widget\" data-e-type=\"widget\" data-widget_type=\"text-editor.default\">\n\t\t\t\t<div class=\"elementor-widget-container\">\n\t\t\t\t\t\t\t\t\t<p>El turismo es un derecho universal que debe de partir desde un punto de vista humanista, tal como lo definiera el escritor alem\u00e1n Erich Fromm.<\/p>\n<p>Por lo tanto, una visi\u00f3n<b> incluyente<\/b>, nos permite contribuir en el respeto y en condiciones propicias de <b>accesibilida<\/b>d,<b> para que todas las personas, sin distinci\u00f3n alguna ejerzan su derecho al descanso y a la recreaci\u00f3n<\/b>.&nbsp;<\/p>\n<p>Citando al Secretario General de la OMT, Taleb Rifai, \u201cla sociedad actual se enfrenta a un <b>d\u00e9ficit de tolerancia<\/b>, el turismo une a las personas, nos ayuda a abrir la mente y el coraz\u00f3n\u201d. y nos atrevemos incluir a dicha frase la siguiente estrofa \u00bb y la palabra <b>vulnerabilidad<\/b> quedar\u00eda en un segundo plano\u00bb.<\/p>\n<p>Proponemos a trav\u00e9s de este programa Baciap Tour\u00b4s<\/p>\n<ol>\n<li>Turismo incluyente<\/li>\n<li>Turismo igualitario<\/li>\n<li>Turismo inclusivo<\/li>\n<li>Turismo social, sin discriminaci\u00f3n <\/li>\n<\/ol>\n<div>&nbsp;<\/div>\n<div>Establecer mecanismos de coordinaci\u00f3n con el fin de poder llevar a cabo acciones muy concretas que por un lado si generen un desarrollo de las localidades, pero que tambi\u00e9n lleven a esa inclusi\u00f3n de grupos vulnerables, no solamente a personas con discapacidad sino tambi\u00e9n a mujeres, a ni\u00f1os, a personas en pobreza, a adultos mayores y c\u00f3mo acercarlos s\u00ed a la recreaci\u00f3n, pero tambi\u00e9n a tener una fuente de&nbsp; ingresos.<\/div>&nbsp;\t\t\t\t\t\t\t\t<\/div>\n\t\t\t\t<\/div>\n\t\t\t\t<div class=\"elementor-element elementor-element-94a775b elementor-icon-list--layout-traditional elementor-list-item-link-full_width elementor-widget elementor-widget-icon-list\" data-id=\"94a775b\" data-element_type=\"widget\" data-e-type=\"widget\" data-widget_type=\"icon-list.default\">\n\t\t\t\t<div class=\"elementor-widget-container\">\n\t\t\t\t\t\t\t<ul class=\"elementor-icon-list-items\">\n\t\t\t\t\t\t\t<li class=\"elementor-icon-list-item\">\n\t\t\t\t\t\t\t\t\t\t\t<span class=\"elementor-icon-list-icon\">\n\t\t\t\t\t\t\t<i aria-hidden=\"true\" class=\"fas fa-check\"><\/i>\t\t\t\t\t\t<\/span>\n\t\t\t\t\t\t\t\t\t\t<span class=\"elementor-icon-list-text\"><\/span>\n\t\t\t\t\t\t\t\t\t<\/li>\n\t\t\t\t\t\t<\/ul>\n\t\t\t\t\t\t<\/div>\n\t\t\t\t<\/div>\n\t\t\t\t\t<\/div>\n\t\t<\/div>\n\t\t\t\t\t<\/div>\n\t\t<\/section>\n\t\t\t\t<\/div>\n\t\t","protected":false},"excerpt":{"rendered":"<p>El turismo es un derecho universal que debe de partir desde un punto de vista humanista, tal como lo definiera el escritor alem\u00e1n Erich Fromm. Por lo tanto, una visi\u00f3n incluyente, nos permite contribuir en el respeto y en condiciones propicias de accesibilidad, para que todas las personas, sin distinci\u00f3n alguna ejerzan su derecho al [&hellip;]<\/p>\n","protected":false},"author":1,"featured_media":679,"parent":0,"menu_order":0,"comment_status":"closed","ping_status":"closed","template":"","meta":{"footnotes":""},"class_list":["post-636","page","type-page","status-publish","has-post-thumbnail","hentry"],"_links":{"self":[{"href":"https:\/\/www.bienvenidoacasa.org.mx\/index.php?rest_route=\/wp\/v2\/pages\/636","targetHints":{"allow":["GET"]}}],"collection":[{"href":"https:\/\/www.bienvenidoacasa.org.mx\/index.php?rest_route=\/wp\/v2\/pages"}],"about":[{"href":"https:\/\/www.bienvenidoacasa.org.mx\/index.php?rest_route=\/wp\/v2\/types\/page"}],"author":[{"embeddable":true,"href":"https:\/\/www.bienvenidoacasa.org.mx\/index.php?rest_route=\/wp\/v2\/users\/1"}],"replies":[{"embeddable":true,"href":"https:\/\/www.bienvenidoacasa.org.mx\/index.php?rest_route=%2Fwp%2Fv2%2Fcomments&post=636"}],"version-history":[{"count":74,"href":"https:\/\/www.bienvenidoacasa.org.mx\/index.php?rest_route=\/wp\/v2\/pages\/636\/revisions"}],"predecessor-version":[{"id":913,"href":"https:\/\/www.bienvenidoacasa.org.mx\/index.php?rest_route=\/wp\/v2\/pages\/636\/revisions\/913"}],"wp:featuredmedia":[{"embeddable":true,"href":"https:\/\/www.bienvenidoacasa.org.mx\/index.php?rest_route=\/wp\/v2\/media\/679"}],"wp:attachment":[{"href":"https:\/\/www.bienvenidoacasa.org.mx\/index.php?rest_route=%2Fwp%2Fv2%2Fmedia&parent=636"}],"curies":[{"name":"wp","href":"https:\/\/api.w.org\/{rel}","templated":true}]}}