{"id":64,"date":"2018-02-04T15:41:14","date_gmt":"2018-02-04T15:41:14","guid":{"rendered":"http:\/\/www.bienvenidoacasa.org.mx\/?page_id=64"},"modified":"2025-01-06T03:20:33","modified_gmt":"2025-01-06T03:20:33","slug":"comedor","status":"publish","type":"page","link":"https:\/\/www.bienvenidoacasa.org.mx\/?page_id=64","title":{"rendered":"<h3>Comedor<\/h3>"},"content":{"rendered":"\t\t<div data-elementor-type=\"wp-page\" data-elementor-id=\"64\" class=\"elementor elementor-64\">\n\t\t\t\t\t\t<section class=\"elementor-section elementor-top-section elementor-element elementor-element-1179fcd elementor-section-content-middle elementor-section-boxed elementor-section-height-default elementor-section-height-default\" data-id=\"1179fcd\" data-element_type=\"section\" data-e-type=\"section\">\n\t\t\t\t\t\t<div class=\"elementor-container elementor-column-gap-no\">\n\t\t\t\t\t<div class=\"elementor-column elementor-col-100 elementor-top-column elementor-element elementor-element-107c36cb\" data-id=\"107c36cb\" data-element_type=\"column\" data-e-type=\"column\">\n\t\t\t<div class=\"elementor-widget-wrap elementor-element-populated\">\n\t\t\t\t\t\t<div class=\"elementor-element elementor-element-5fc2f734 elementor-widget elementor-widget-heading\" data-id=\"5fc2f734\" data-element_type=\"widget\" data-e-type=\"widget\" data-widget_type=\"heading.default\">\n\t\t\t\t<div class=\"elementor-widget-container\">\n\t\t\t\t\t<h2 class=\"elementor-heading-title elementor-size-default\">Lo ideal es que todos estemos bien nutridos !!<br><br>\u00a1Pero a veces no es as\u00ed!<\/h2>\t\t\t\t<\/div>\n\t\t\t\t<\/div>\n\t\t\t\t<section class=\"elementor-section elementor-inner-section elementor-element elementor-element-4de3e5d2 elementor-section-content-middle elementor-section-boxed elementor-section-height-default elementor-section-height-default\" data-id=\"4de3e5d2\" data-element_type=\"section\" data-e-type=\"section\">\n\t\t\t\t\t\t<div class=\"elementor-container elementor-column-gap-no\">\n\t\t\t\t\t<div class=\"elementor-column elementor-col-50 elementor-inner-column elementor-element elementor-element-52adf216\" data-id=\"52adf216\" data-element_type=\"column\" data-e-type=\"column\">\n\t\t\t<div class=\"elementor-widget-wrap elementor-element-populated\">\n\t\t\t\t\t\t<div class=\"elementor-element elementor-element-6c3e6b02 elementor-widget elementor-widget-image\" data-id=\"6c3e6b02\" data-element_type=\"widget\" data-e-type=\"widget\" data-widget_type=\"image.default\">\n\t\t\t\t<div class=\"elementor-widget-container\">\n\t\t\t\t\t\t\t\t\t\t\t\t\t\t\t<img fetchpriority=\"high\" decoding=\"async\" width=\"525\" height=\"295\" src=\"https:\/\/www.bienvenidoacasa.org.mx\/wp-content\/uploads\/2018\/01\/IMG-20170731-WA0036-1024x576.jpg\" class=\"attachment-large size-large wp-image-17\" alt=\"\" srcset=\"https:\/\/www.bienvenidoacasa.org.mx\/wp-content\/uploads\/2018\/01\/IMG-20170731-WA0036-1024x576.jpg 1024w, https:\/\/www.bienvenidoacasa.org.mx\/wp-content\/uploads\/2018\/01\/IMG-20170731-WA0036-300x169.jpg 300w, https:\/\/www.bienvenidoacasa.org.mx\/wp-content\/uploads\/2018\/01\/IMG-20170731-WA0036-768x432.jpg 768w, https:\/\/www.bienvenidoacasa.org.mx\/wp-content\/uploads\/2018\/01\/IMG-20170731-WA0036.jpg 1032w\" sizes=\"(max-width: 525px) 100vw, 525px\" \/>\t\t\t\t\t\t\t\t\t\t\t\t\t\t\t<\/div>\n\t\t\t\t<\/div>\n\t\t\t\t\t<\/div>\n\t\t<\/div>\n\t\t\t\t<div class=\"elementor-column elementor-col-50 elementor-inner-column elementor-element elementor-element-6c390cc5\" data-id=\"6c390cc5\" data-element_type=\"column\" data-e-type=\"column\">\n\t\t\t<div class=\"elementor-widget-wrap elementor-element-populated\">\n\t\t\t\t\t\t<div class=\"elementor-element elementor-element-1b751bf elementor-widget elementor-widget-heading\" data-id=\"1b751bf\" data-element_type=\"widget\" data-e-type=\"widget\" data-widget_type=\"heading.default\">\n\t\t\t\t<div class=\"elementor-widget-container\">\n\t\t\t\t\t<h2 class=\"elementor-heading-title elementor-size-default\">\u00bfNos Ayudas?<\/h2>\t\t\t\t<\/div>\n\t\t\t\t<\/div>\n\t\t\t\t<div class=\"elementor-element elementor-element-3cb8a740 elementor-widget elementor-widget-text-editor\" data-id=\"3cb8a740\" data-element_type=\"widget\" data-e-type=\"widget\" data-widget_type=\"text-editor.default\">\n\t\t\t\t<div class=\"elementor-widget-container\">\n\t\t\t\t\t\t\t\t\t<p>La desnutrici\u00f3n en sus diversas formas es la mas com\u00fan de las enfermedades de los ni\u00f1os de nuestra entidad; sus causas\u00a0 se deben en general a dif\u00edciles entornos econ\u00f3micos o a enfermedades que comprometen el buen estado nutricional. Es una gran complicaci\u00f3n medica posible que, sin embargo, puede prevenirse y tambi\u00e9n revertirse.<\/p>\t\t\t\t\t\t\t\t<\/div>\n\t\t\t\t<\/div>\n\t\t\t\t\t<\/div>\n\t\t<\/div>\n\t\t\t\t\t<\/div>\n\t\t<\/section>\n\t\t\t\t<section class=\"elementor-section elementor-inner-section elementor-element elementor-element-63e8e258 elementor-section-content-middle elementor-reverse-mobile elementor-section-boxed elementor-section-height-default elementor-section-height-default\" data-id=\"63e8e258\" data-element_type=\"section\" data-e-type=\"section\">\n\t\t\t\t\t\t<div class=\"elementor-container elementor-column-gap-no\">\n\t\t\t\t\t<div class=\"elementor-column elementor-col-50 elementor-inner-column elementor-element elementor-element-5d01bed\" data-id=\"5d01bed\" data-element_type=\"column\" data-e-type=\"column\">\n\t\t\t<div class=\"elementor-widget-wrap elementor-element-populated\">\n\t\t\t\t\t\t<div class=\"elementor-element elementor-element-4eb27401 elementor-widget elementor-widget-heading\" data-id=\"4eb27401\" data-element_type=\"widget\" data-e-type=\"widget\" data-widget_type=\"heading.default\">\n\t\t\t\t<div class=\"elementor-widget-container\">\n\t\t\t\t\t<h2 class=\"elementor-heading-title elementor-size-default\">\u00a1Felicidad al contribuir!<\/h2>\t\t\t\t<\/div>\n\t\t\t\t<\/div>\n\t\t\t\t<div class=\"elementor-element elementor-element-7a2fd650 elementor-widget elementor-widget-text-editor\" data-id=\"7a2fd650\" data-element_type=\"widget\" data-e-type=\"widget\" data-widget_type=\"text-editor.default\">\n\t\t\t\t<div class=\"elementor-widget-container\">\n\t\t\t\t\t\t\t\t\t<p>Con tu ayuda, una buena nutrici\u00f3n ser\u00e1 la base de la supervivencia, salud y el desarrollo infantil de los ni\u00f1os, y adolescentes que atendemos. Ellos estar\u00e1n mejor preparados para aprender y crecer, para participar en la comunidades y colaborar con ellas<\/p>\t\t\t\t\t\t\t\t<\/div>\n\t\t\t\t<\/div>\n\t\t\t\t\t<\/div>\n\t\t<\/div>\n\t\t\t\t<div class=\"elementor-column elementor-col-50 elementor-inner-column elementor-element elementor-element-31bf4f5e\" data-id=\"31bf4f5e\" data-element_type=\"column\" data-e-type=\"column\">\n\t\t\t<div class=\"elementor-widget-wrap elementor-element-populated\">\n\t\t\t\t\t\t<div class=\"elementor-element elementor-element-4c8c2976 elementor-widget elementor-widget-image\" data-id=\"4c8c2976\" data-element_type=\"widget\" data-e-type=\"widget\" data-widget_type=\"image.default\">\n\t\t\t\t<div class=\"elementor-widget-container\">\n\t\t\t\t\t\t\t\t\t\t\t\t\t\t\t<img decoding=\"async\" width=\"525\" height=\"200\" src=\"https:\/\/www.bienvenidoacasa.org.mx\/wp-content\/uploads\/2020\/08\/\u00a1Comedor-nutricional1-1024x390.png\" class=\"attachment-large size-large wp-image-375\" alt=\"\" srcset=\"https:\/\/www.bienvenidoacasa.org.mx\/wp-content\/uploads\/2020\/08\/\u00a1Comedor-nutricional1-1024x390.png 1024w, https:\/\/www.bienvenidoacasa.org.mx\/wp-content\/uploads\/2020\/08\/\u00a1Comedor-nutricional1-300x114.png 300w, https:\/\/www.bienvenidoacasa.org.mx\/wp-content\/uploads\/2020\/08\/\u00a1Comedor-nutricional1-768x292.png 768w, https:\/\/www.bienvenidoacasa.org.mx\/wp-content\/uploads\/2020\/08\/\u00a1Comedor-nutricional1-1536x584.png 1536w, https:\/\/www.bienvenidoacasa.org.mx\/wp-content\/uploads\/2020\/08\/\u00a1Comedor-nutricional1-2048x779.png 2048w\" sizes=\"(max-width: 525px) 100vw, 525px\" \/>\t\t\t\t\t\t\t\t\t\t\t\t\t\t\t<\/div>\n\t\t\t\t<\/div>\n\t\t\t\t\t<\/div>\n\t\t<\/div>\n\t\t\t\t\t<\/div>\n\t\t<\/section>\n\t\t\t\t\t<\/div>\n\t\t<\/div>\n\t\t\t\t\t<\/div>\n\t\t<\/section>\n\t\t\t\t<\/div>\n\t\t","protected":false},"excerpt":{"rendered":"<p>Lo ideal es que todos estemos bien nutridos !! \u00a1Pero a veces no es as\u00ed! \u00bfNos Ayudas? La desnutrici\u00f3n en sus diversas formas es la mas com\u00fan de las enfermedades de los ni\u00f1os de nuestra entidad; sus causas\u00a0 se deben en general a dif\u00edciles entornos econ\u00f3micos o a enfermedades que comprometen el buen estado nutricional. [&hellip;]<\/p>\n","protected":false},"author":1,"featured_media":375,"parent":0,"menu_order":0,"comment_status":"closed","ping_status":"closed","template":"","meta":{"footnotes":""},"class_list":["post-64","page","type-page","status-publish","has-post-thumbnail","hentry"],"_links":{"self":[{"href":"https:\/\/www.bienvenidoacasa.org.mx\/index.php?rest_route=\/wp\/v2\/pages\/64","targetHints":{"allow":["GET"]}}],"collection":[{"href":"https:\/\/www.bienvenidoacasa.org.mx\/index.php?rest_route=\/wp\/v2\/pages"}],"about":[{"href":"https:\/\/www.bienvenidoacasa.org.mx\/index.php?rest_route=\/wp\/v2\/types\/page"}],"author":[{"embeddable":true,"href":"https:\/\/www.bienvenidoacasa.org.mx\/index.php?rest_route=\/wp\/v2\/users\/1"}],"replies":[{"embeddable":true,"href":"https:\/\/www.bienvenidoacasa.org.mx\/index.php?rest_route=%2Fwp%2Fv2%2Fcomments&post=64"}],"version-history":[{"count":52,"href":"https:\/\/www.bienvenidoacasa.org.mx\/index.php?rest_route=\/wp\/v2\/pages\/64\/revisions"}],"predecessor-version":[{"id":898,"href":"https:\/\/www.bienvenidoacasa.org.mx\/index.php?rest_route=\/wp\/v2\/pages\/64\/revisions\/898"}],"wp:featuredmedia":[{"embeddable":true,"href":"https:\/\/www.bienvenidoacasa.org.mx\/index.php?rest_route=\/wp\/v2\/media\/375"}],"wp:attachment":[{"href":"https:\/\/www.bienvenidoacasa.org.mx\/index.php?rest_route=%2Fwp%2Fv2%2Fmedia&parent=64"}],"curies":[{"name":"wp","href":"https:\/\/api.w.org\/{rel}","templated":true}]}}